{"id":7976,"date":"2024-05-23T16:09:19","date_gmt":"2024-05-23T14:09:19","guid":{"rendered":"https:\/\/spondei.com\/bus-transfer-forms\/"},"modified":"2024-05-24T09:31:20","modified_gmt":"2024-05-24T07:31:20","slug":"bus-transfer-forms","status":"publish","type":"page","link":"https:\/\/spondei.com\/fr\/bus-transfer-forms\/","title":{"rendered":"Bus transfer forms"},"content":{"rendered":"\t\t<div data-elementor-type=\"wp-page\" data-elementor-id=\"7976\" class=\"elementor elementor-7976 elementor-7967\">\n\t\t\t\t<div class=\"elementor-element elementor-element-7e8d2adb e-con-full e-flex e-con e-parent\" data-id=\"7e8d2adb\" data-element_type=\"container\" data-settings=\"{&quot;background_background&quot;:&quot;gradient&quot;}\">\n\t\t<div class=\"elementor-element elementor-element-1fecbc2d e-con-full e-flex e-con e-child\" data-id=\"1fecbc2d\" data-element_type=\"container\">\n\t\t\t\t<\/div>\n\t\t<div data-custom-animations=\"true\" data-ca-options=\"{&quot;addChildTimelines&quot;:false,&quot;animationTarget&quot;:&quot;:scope  &gt; .elementor-element:not(.lqd-exclude-parent-ca) &gt; .elementor-widget-container, :scope  &gt; .elementor-widget-hub_fancy_heading .lqd-split-lines .lqd-lines .split-inner, :scope  &gt; .elementor-widget-hub_fancy_heading .lqd-split-words .lqd-words .split-inner, :scope  &gt; .elementor-widget-hub_fancy_heading .lqd-split-chars .lqd-chars .split-inner, :scope  &gt; .elementor-widget-hub_fancy_heading .lqd-adv-txt-fig, :scope  &gt; .elementor-widget-ld_custom_menu .lqd-fancy-menu &gt; ul &gt; li, :scope .e-con:not([data-parallax])  &gt; .elementor-element &gt; .elementor-widget-container, :scope .e-con:not([data-parallax])  &gt; .elementor-widget-hub_fancy_heading .lqd-split-lines .lqd-lines .split-inner, :scope .e-con:not([data-parallax])  &gt; .elementor-widget-hub_fancy_heading .lqd-split-words .lqd-words .split-inner, :scope .e-con:not([data-parallax])  &gt; .elementor-widget-hub_fancy_heading .lqd-split-chars .lqd-chars .split-inner, :scope .e-con:not([data-parallax])  &gt; .elementor-widget-ld_custom_menu .lqd-fancy-menu &gt; ul &gt; li&quot;,&quot;ease&quot;:[&quot;power4.out&quot;],&quot;initValues&quot;:{&quot;y&quot;:&quot;45px&quot;,&quot;rotationY&quot;:65},&quot;animations&quot;:{&quot;y&quot;:&quot;0px&quot;,&quot;rotationY&quot;:0}}\" class=\"elementor-element elementor-element-586d02dc e-con-full e-flex e-con e-child\" data-id=\"586d02dc\" data-element_type=\"container\">\n\t\t<div data-custom-animations=\"true\" data-ca-options=\"{&quot;addChildTimelines&quot;:false,&quot;animationTarget&quot;:&quot;:scope .e-con-inner &gt; .elementor-element:not(.lqd-exclude-parent-ca) &gt; .elementor-widget-container, :scope .e-con-inner &gt; .elementor-widget-hub_fancy_heading .lqd-split-lines .lqd-lines .split-inner, :scope .e-con-inner &gt; .elementor-widget-hub_fancy_heading .lqd-split-words .lqd-words .split-inner, :scope .e-con-inner &gt; .elementor-widget-hub_fancy_heading .lqd-split-chars .lqd-chars .split-inner, :scope .e-con-inner &gt; .elementor-widget-hub_fancy_heading .lqd-adv-txt-fig, :scope .e-con-inner &gt; .elementor-widget-ld_custom_menu .lqd-fancy-menu &gt; ul &gt; li, :scope .e-con:not([data-parallax]) .e-con-inner &gt; .elementor-element &gt; .elementor-widget-container, :scope .e-con:not([data-parallax]) .e-con-inner &gt; .elementor-widget-hub_fancy_heading .lqd-split-lines .lqd-lines .split-inner, :scope .e-con:not([data-parallax]) .e-con-inner &gt; .elementor-widget-hub_fancy_heading .lqd-split-words .lqd-words .split-inner, :scope .e-con:not([data-parallax]) .e-con-inner &gt; .elementor-widget-hub_fancy_heading .lqd-split-chars .lqd-chars .split-inner, :scope .e-con:not([data-parallax]) .e-con-inner &gt; .elementor-widget-ld_custom_menu .lqd-fancy-menu &gt; ul &gt; li&quot;,&quot;ease&quot;:[&quot;power4.out&quot;],&quot;initValues&quot;:{&quot;y&quot;:&quot;45px&quot;,&quot;rotationY&quot;:65},&quot;animations&quot;:{&quot;y&quot;:&quot;0px&quot;,&quot;rotationY&quot;:0}}\" class=\"elementor-element elementor-element-7b233625 e-flex e-con-boxed e-con e-child\" data-id=\"7b233625\" data-element_type=\"container\">\n\t\t\t\t\t<div class=\"e-con-inner\">\n\t\t\t\t<div class=\"elementor-element elementor-element-7ac3d29a elementor-widget elementor-widget-ld_particles\" data-id=\"7ac3d29a\" data-element_type=\"widget\" data-widget_type=\"ld_particles.default\">\n\t\t\t\t<div class=\"elementor-widget-container\">\n\t\t\t\n\t\t<div class=\"ld-particles-container pos-rel w-100  lqd-particles-as-bg lqd-overlay lqd-particle-618b615377878\">\n\t\t\t<div class=\"ld-particles-inner lqd-overlay pointer-events-none\" id=\"lqd-particle-618b615377878\" data-particles=\"true\" data-particles-options='{\"particles\":{\"number\":{\"value\":6},\"color\":{\"value\":[\"#FDA44C\",\"#604CFD\",\"#0FBBB4\",\"#F85976\"]},\"shape\":{\"type\":[\"circle\"]},\"opacity\":{\"value\":1},\"size\":{\"value\":4},\"move\":{\"enable\":true,\"direction\":\"none\",\"out_mode\":\"bounce\"}},\"interactivity\":[],\"retina_detect\":true,\"asBG\":true}'><\/div>\t\n\t\t<\/div>\n\n\t\t\t<\/div>\n\t\t\t\t<\/div>\n\t\t\t\t<div class=\"elementor-element elementor-element-ddea9ff bt-slider elementor-align-center elementor-widget elementor-widget-ld_button\" data-id=\"ddea9ff\" data-element_type=\"widget\" data-widget_type=\"ld_button.default\">\n\t\t\t\t<div class=\"elementor-widget-container\">\n\t\t\t\n\t\t\t<a\n\t\t\t\thref=\"\/learn-how-spondei-can-help-optimise-your-business\"class=\"elementor-button btn btn-solid btn-icon-right btn-icon-circle btn-icon-xsm btn-icon-shaped btn-icon-solid btn-has-label\"\t\t\t>\n\t\t\t\t\t\t\t\t\t<span data-text=\"Learn how Spondei can help optimise your business\" class=\"btn-txt\">\n\t\t\t\t\t\tLearn how Spondei can help optimise your business\t\t\t\t\t<\/span>\n\t\t\t\t\t\t\t\t\t\t\t\t\t\t<span class=\"btn-icon\">\n\t\t\t\t\t\t\t<i aria-hidden=\"true\" class=\"lqd-icn-ess icon-md-arrow-round-forward\"><\/i>\t\t\t\t\t\t<\/span>\n\t\t\t\t\t\t\t\t\t<\/a>\n\t\t\t\t\t<\/div>\n\t\t\t\t<\/div>\n\t\t\t\t<div class=\"elementor-element elementor-element-578041eb elementor-widget__width-initial title-slide elementor-widget elementor-widget-hub_fancy_heading\" data-id=\"578041eb\" data-element_type=\"widget\" data-widget_type=\"hub_fancy_heading.default\">\n\t\t\t\t<div class=\"elementor-widget-container\">\n\t\t\t\n\t\t<div id=\"ld-fancy-heading-69e1007ec7252\" class=\"ld-fancy-heading pos-rel\">\n\t\t\t<h1 class=\"ld-fh-element d-inline-block pos-rel  elementor-heading-title lqd-highlight-custom lqd-highlight-custom-4 h1\"  > Simplifiez les r\u00e9servations de transferts avec <span>Spondei<\/span><\/h1>\t\t<\/div>\n\n\t\t\t\t<\/div>\n\t\t\t\t<\/div>\n\t\t\t\t<div class=\"elementor-element elementor-element-41a63d08 elementor-widget elementor-widget-hub_fancy_heading\" data-id=\"41a63d08\" data-element_type=\"widget\" data-widget_type=\"hub_fancy_heading.default\">\n\t\t\t\t<div class=\"elementor-widget-container\">\n\t\t\t\n\t\t<div id=\"ld-fancy-heading-69e1007ec76cc\" class=\"ld-fancy-heading pos-rel\">\n\t\t\t<p class=\"ld-fh-element d-inline-block pos-rel  lqd-highlight-classic lqd-highlight-grow-left p\"  > D\u00e9couvrez en temps r\u00e9el la rapidit\u00e9 et la facilit\u00e9 avec lesquelles vous pouvez effectuer une r\u00e9servation.<\/p>\t\t<\/div>\n\n\t\t\t\t<\/div>\n\t\t\t\t<\/div>\n\t\t<div class=\"elementor-element elementor-element-7183becd e-flex e-con-boxed e-con e-child\" data-id=\"7183becd\" data-element_type=\"container\">\n\t\t\t\t\t<div class=\"e-con-inner\">\n\t\t\t\t<div class=\"elementor-element elementor-element-253f6327 elementor-align-center bt-box-color elementor-widget__width-auto elementor-widget elementor-widget-ld_button\" data-id=\"253f6327\" data-element_type=\"widget\" data-widget_type=\"ld_button.default\">\n\t\t\t\t<div class=\"elementor-widget-container\">\n\t\t\t\n\t\t\t<a\n\t\t\t\thref=\"https:\/\/app.spondei.com\/authentication\/OTP\" target=\"_blank\"class=\"elementor-button btn btn-solid btn-sm btn-icon-right btn-hover-swp btn-has-label\"\t\t\t>\n\t\t\t\t\t\t\t\t\t<span data-text=\"Obtenir ce formulaire\" class=\"btn-txt\">\n\t\t\t\t\t\tObtenir ce formulaire\t\t\t\t\t<\/span>\n\t\t\t\t\t\t\t\t\t\t\t\t\t\t<span class=\"btn-icon\">\n\t\t\t\t\t\t\t<i aria-hidden=\"true\" class=\"lqd-icn-ess icon-md-arrow-forward\"><\/i>\t\t\t\t\t\t<\/span>\n\t\t\t\t\t\t\t\t\t\t\t\t<span class=\"btn-icon\">\n\t\t\t\t\t\t\t<i aria-hidden=\"true\" class=\"lqd-icn-ess icon-md-arrow-forward\"><\/i>\t\t\t\t\t\t<\/span>\n\t\t\t\t\t\t\t\t\t<\/a>\n\t\t\t\t\t<\/div>\n\t\t\t\t<\/div>\n\t\t\t\t\t<\/div>\n\t\t\t\t<\/div>\n\t\t<div class=\"elementor-element elementor-element-485aa044 e-flex e-con-boxed e-con e-child\" data-id=\"485aa044\" data-element_type=\"container\">\n\t\t\t\t\t<div class=\"e-con-inner\">\n\t\t\t\t<div class=\"elementor-element elementor-element-7f135177 elementor-icon-list--layout-inline elementor-align-center elementor-list-item-link-full_width elementor-widget elementor-widget-icon-list\" data-id=\"7f135177\" data-element_type=\"widget\" data-widget_type=\"icon-list.default\">\n\t\t\t\t<div class=\"elementor-widget-container\">\n\t\t\t<link rel=\"stylesheet\" href=\"https:\/\/spondei.com\/wp-content\/uploads\/elementor\/css\/custom-widget-icon-list.min.css?ver=1770041591\">\t\t<ul class=\"elementor-icon-list-items elementor-inline-items\">\n\t\t\t\t\t\t\t<li class=\"elementor-icon-list-item elementor-inline-item\">\n\t\t\t\t\t\t\t\t\t\t\t<span class=\"elementor-icon-list-icon\">\n\t\t\t\t\t\t\t<i aria-hidden=\"true\" class=\"lqd-icn-ess icon-ion-ios-checkmark\"><\/i>\t\t\t\t\t\t<\/span>\n\t\t\t\t\t\t\t\t\t\t<span class=\"elementor-icon-list-text\">Essai gratuit comprenant 200 unit\u00e9s<\/span>\n\t\t\t\t\t\t\t\t\t<\/li>\n\t\t\t\t\t\t\t\t<li class=\"elementor-icon-list-item elementor-inline-item\">\n\t\t\t\t\t\t\t\t\t\t\t<span class=\"elementor-icon-list-icon\">\n\t\t\t\t\t\t\t<i aria-hidden=\"true\" class=\"lqd-icn-ess icon-ion-ios-checkmark\"><\/i>\t\t\t\t\t\t<\/span>\n\t\t\t\t\t\t\t\t\t\t<span class=\"elementor-icon-list-text\">Aucune carte de cr\u00e9dit n'est requise<\/span>\n\t\t\t\t\t\t\t\t\t<\/li>\n\t\t\t\t\t\t\t\t<li class=\"elementor-icon-list-item elementor-inline-item\">\n\t\t\t\t\t\t\t\t\t\t\t<span class=\"elementor-icon-list-icon\">\n\t\t\t\t\t\t\t<i aria-hidden=\"true\" class=\"lqd-icn-ess icon-ion-ios-checkmark\"><\/i>\t\t\t\t\t\t<\/span>\n\t\t\t\t\t\t\t\t\t\t<span class=\"elementor-icon-list-text\">Annuler \u00e0 tout moment<\/span>\n\t\t\t\t\t\t\t\t\t<\/li>\n\t\t\t\t\t\t<\/ul>\n\t\t\t\t<\/div>\n\t\t\t\t<\/div>\n\t\t\t\t\t<\/div>\n\t\t\t\t<\/div>\n\t\t\t\t\t<\/div>\n\t\t\t\t<\/div>\n\t\t\t\t<\/div>\n\t\t<div class=\"elementor-element elementor-element-88058a e-con-full e-flex e-con e-child\" data-id=\"88058a\" data-element_type=\"container\">\n\t\t\t\t<\/div>\n\t\t\t\t<\/div>\n\t\t<div class=\"elementor-element elementor-element-19f47f16 e-con-full e-flex e-con e-parent\" data-id=\"19f47f16\" data-element_type=\"container\" data-settings=\"{&quot;background_background&quot;:&quot;classic&quot;}\">\n\t\t\t\t<div data-custom-animations=\"true\" data-ca-options=\"{&quot;addChildTimelines&quot;:false,&quot;animationTarget&quot;:&quot;:scope &gt; .elementor-widget-container&quot;,&quot;ease&quot;:&quot;expo.out&quot;,&quot;initValues&quot;:{&quot;x&quot;:&quot;-50px&quot;,&quot;y&quot;:&quot;-50px&quot;,&quot;scaleX&quot;:0,&quot;scaleY&quot;:0},&quot;animations&quot;:{&quot;x&quot;:&quot;0px&quot;,&quot;y&quot;:&quot;0px&quot;,&quot;scaleX&quot;:1,&quot;scaleY&quot;:1}}\" class=\"elementor-element elementor-element-30499ed8 elementor-absolute elementor-widget elementor-widget-ld_fancy_image\" data-id=\"30499ed8\" data-element_type=\"widget\" data-settings=\"{&quot;_position&quot;:&quot;absolute&quot;}\" data-widget_type=\"ld_fancy_image.default\">\n\t\t\t\t<div class=\"elementor-widget-container\">\n\t\t\t\n\t\t<div class=\"lqd-imggrp-single d-block pos-rel \">\n\t\t\t<div class=\"lqd-imggrp-img-container d-inline-flex pos-rel align-items-center justify-content-center \">\n\t\t\t\t\t\t\t\t<figure class=\"w-100 pos-rel\">\n\t\t\t\t\t<img decoding=\"async\" width=\"132\" height=\"125\" src=\"https:\/\/spondei.com\/wp-content\/uploads\/2024\/05\/arrow.png\" class=\"attachment-full size-full wp-image-7828\" alt=\"\" itemprop=\"image\" \/>\t\t\t\t\t\t\t\t\t\t\t\t\t\t\t\t\t\t\t\t\t\t\t\t\t\t\t\t\t<\/figure>\n\t\t\t<\/div>\n\t\t<\/div>\n\n\t\t\t<\/div>\n\t\t\t\t<\/div>\n\t\t\t\t<div class=\"elementor-element elementor-element-929ab06 sub-heading elementor-widget elementor-widget-hub_fancy_heading\" data-id=\"929ab06\" data-element_type=\"widget\" data-widget_type=\"hub_fancy_heading.default\">\n\t\t\t\t<div class=\"elementor-widget-container\">\n\t\t\t\n\t\t<div id=\"ld-fancy-heading-69e1007ecada8\" class=\"ld-fancy-heading pos-rel\">\n\t\t\t<h6 class=\"ld-fh-element d-inline-block pos-rel  elementor-heading-title lqd-highlight-classic lqd-highlight-grow-left h6\"  > D\u00e9couvrez le formulaire de r\u00e9servation de transfert en action ! Utilisez ce live preview pour voir \u00e0 quel point il est facile et rapide de faire une r\u00e9servation.<\/h6>\t\t<\/div>\n\n\t\t\t\t<\/div>\n\t\t\t\t<\/div>\n\t\t\t\t<\/div>\n\t\t<div class=\"elementor-element elementor-element-5546c431 e-flex e-con-boxed e-con e-parent\" data-id=\"5546c431\" data-element_type=\"container\" id=\"transfer\">\n\t\t\t\t\t<div class=\"e-con-inner\">\n\t\t\t\t<div class=\"elementor-element elementor-element-73675c2f elementor-widget elementor-widget-html\" data-id=\"73675c2f\" data-element_type=\"widget\" data-widget_type=\"html.default\">\n\t\t\t\t<div class=\"elementor-widget-container\">\n\t\t\t<div  attr=\"sp-container-standard\" id=\"sp-container-standard\"  src=\"https:\/\/spondei.spondei.com\/s\/VRk2kV8Y2Yg=\" height=\"800\" width=\"100%\" type=\"inline\"><\/div><script src=\"https:\/\/app.spondei.com\/assets\/js\/embedCode.js\"><\/script>\t\t<\/div>\n\t\t\t\t<\/div>\n\t\t\t\t\t<\/div>\n\t\t\t\t<\/div>\n\t\t\t\t<section class=\"elementor-section elementor-top-section elementor-element elementor-element-54c6ace0 elementor-section-boxed elementor-section-height-default elementor-section-height-default\" data-id=\"54c6ace0\" data-element_type=\"section\">\n\t\t\t\t\t\t<div class=\"elementor-container elementor-column-gap-default\">\n\t\t\t\t\t<div class=\"elementor-column elementor-col-100 elementor-top-column elementor-element elementor-element-3bcdf633\" data-id=\"3bcdf633\" data-element_type=\"column\">\n\t\t\t<div class=\"elementor-widget-wrap elementor-element-populated\">\n\t\t\t\t\t\t<section class=\"elementor-section elementor-inner-section elementor-element elementor-element-29fb7c33 elementor-section-boxed elementor-section-height-default elementor-section-height-default\" data-id=\"29fb7c33\" data-element_type=\"section\" data-settings=\"{&quot;background_background&quot;:&quot;classic&quot;}\">\n\t\t\t\t\t\t<div class=\"elementor-container elementor-column-gap-default\">\n\t\t\t\t\t<div class=\"elementor-column elementor-col-50 elementor-inner-column elementor-element elementor-element-17d8b15c\" data-id=\"17d8b15c\" data-element_type=\"column\">\n\t\t\t<div class=\"elementor-widget-wrap elementor-element-populated\">\n\t\t\t\t\t\t<div class=\"elementor-element elementor-element-6ac08e95 elementor-widget elementor-widget-hub_fancy_heading\" data-id=\"6ac08e95\" data-element_type=\"widget\" data-widget_type=\"hub_fancy_heading.default\">\n\t\t\t\t<div class=\"elementor-widget-container\">\n\t\t\t\n\t\t<div id=\"ld-fancy-heading-69e1007ecfa87\" class=\"ld-fancy-heading pos-rel\">\n\t\t\t<h2 class=\"ld-fh-element d-inline-block pos-rel  elementor-heading-title lqd-highlight-classic lqd-highlight-grow-left h2\"  > D\u00e9marrer en 30 secondes<\/h2>\t\t<\/div>\n\n\t\t\t\t<\/div>\n\t\t\t\t<\/div>\n\t\t\t\t<div class=\"elementor-element elementor-element-27835ae9 elementor-widget elementor-widget-hub_fancy_heading\" data-id=\"27835ae9\" data-element_type=\"widget\" data-widget_type=\"hub_fancy_heading.default\">\n\t\t\t\t<div class=\"elementor-widget-container\">\n\t\t\t\n\t\t<div id=\"ld-fancy-heading-69e1007ecfe48\" class=\"ld-fancy-heading pos-rel\">\n\t\t\t<h2 class=\"ld-fh-element d-inline-block pos-rel  elementor-heading-title lqd-highlight-classic lqd-highlight-grow-left h2\"  > Essai gratuit de 200 unit\u00e9s<\/h2>\t\t<\/div>\n\n\t\t\t\t<\/div>\n\t\t\t\t<\/div>\n\t\t\t\t\t<\/div>\n\t\t<\/div>\n\t\t\t\t<div class=\"elementor-column elementor-col-50 elementor-inner-column elementor-element elementor-element-30cd54d0\" data-id=\"30cd54d0\" data-element_type=\"column\">\n\t\t\t<div class=\"elementor-widget-wrap elementor-element-populated\">\n\t\t\t\t\t\t<div class=\"elementor-element elementor-element-78ba92dd elementor-align-right bt-box-color elementor-tablet-align-right elementor-mobile-align-center elementor-widget elementor-widget-ld_button\" data-id=\"78ba92dd\" data-element_type=\"widget\" data-widget_type=\"ld_button.default\">\n\t\t\t\t<div class=\"elementor-widget-container\">\n\t\t\t\n\t\t\t<a\n\t\t\t\thref=\"https:\/\/app.spondei.com\/authentication\/OTP\" target=\"_blank\"class=\"elementor-button btn btn-solid btn-sm btn-icon-right btn-hover-swp btn-has-label\"\t\t\t>\n\t\t\t\t\t\t\t\t\t<span data-text=\"Commencez l&#039;essai gratuit\" class=\"btn-txt\">\n\t\t\t\t\t\tCommencez l'essai gratuit\t\t\t\t\t<\/span>\n\t\t\t\t\t\t\t\t\t\t\t\t\t\t<span class=\"btn-icon\">\n\t\t\t\t\t\t\t<i aria-hidden=\"true\" class=\"lqd-icn-ess icon-md-arrow-forward\"><\/i>\t\t\t\t\t\t<\/span>\n\t\t\t\t\t\t\t\t\t\t\t\t<span class=\"btn-icon\">\n\t\t\t\t\t\t\t<i aria-hidden=\"true\" class=\"lqd-icn-ess icon-md-arrow-forward\"><\/i>\t\t\t\t\t\t<\/span>\n\t\t\t\t\t\t\t\t\t<\/a>\n\t\t\t\t\t<\/div>\n\t\t\t\t<\/div>\n\t\t\t\t\t<\/div>\n\t\t<\/div>\n\t\t\t\t\t<\/div>\n\t\t<\/section>\n\t\t\t\t\t<\/div>\n\t\t<\/div>\n\t\t\t\t\t<\/div>\n\t\t<\/section>\n\t\t\t\t<\/div>\n\t\t","protected":false},"excerpt":{"rendered":"<p>Learn how Spondei can help optimise your business Simplifiez les r\u00e9servations de transferts avec Spondei D\u00e9couvrez en temps r\u00e9el la rapidit\u00e9 et la facilit\u00e9 avec lesquelles vous pouvez effectuer une r\u00e9servation. Obtenir ce formulaire Essai gratuit comprenant 200 unit\u00e9s Aucune carte de cr\u00e9dit n&rsquo;est requise Annuler \u00e0 tout moment D\u00e9couvrez le formulaire de r\u00e9servation de [&hellip;]<\/p>\n","protected":false},"author":1,"featured_media":0,"parent":0,"menu_order":0,"comment_status":"closed","ping_status":"closed","template":"","meta":{"footnotes":""},"class_list":["post-7976","page","type-page","status-publish","hentry"],"aioseo_notices":[],"yoast_head":"<!-- This site is optimized with the Yoast SEO Premium plugin v20.3 (Yoast SEO v22.9) - https:\/\/yoast.com\/wordpress\/plugins\/seo\/ -->\n<title>Bus transfer forms - Spondei app<\/title>\n<meta name=\"robots\" content=\"index, follow, max-snippet:-1, max-image-preview:large, max-video-preview:-1\" \/>\n<link rel=\"canonical\" href=\"https:\/\/spondei.com\/fr\/bus-transfer-forms\/\" \/>\n<meta property=\"og:locale\" content=\"fr_FR\" \/>\n<meta property=\"og:type\" content=\"article\" \/>\n<meta property=\"og:title\" content=\"Bus transfer forms\" \/>\n<meta property=\"og:description\" content=\"Learn how Spondei can help optimise your business Simplifiez les r\u00e9servations de transferts avec Spondei D\u00e9couvrez en temps r\u00e9el la rapidit\u00e9 et la facilit\u00e9 avec lesquelles vous pouvez effectuer une r\u00e9servation. Obtenir ce formulaire Essai gratuit comprenant 200 unit\u00e9s Aucune carte de cr\u00e9dit n&rsquo;est requise Annuler \u00e0 tout moment D\u00e9couvrez le formulaire de r\u00e9servation de [&hellip;]\" \/>\n<meta property=\"og:url\" content=\"https:\/\/spondei.com\/fr\/bus-transfer-forms\/\" \/>\n<meta property=\"og:site_name\" content=\"Spondei app\" \/>\n<meta property=\"article:modified_time\" content=\"2024-05-24T07:31:20+00:00\" \/>\n<meta property=\"og:image\" content=\"https:\/\/spondei.com\/wp-content\/uploads\/2024\/05\/arrow.png\" \/>\n<meta name=\"twitter:card\" content=\"summary_large_image\" \/>\n<meta name=\"twitter:label1\" content=\"Dur\u00e9e de lecture estim\u00e9e\" \/>\n\t<meta name=\"twitter:data1\" content=\"1 minute\" \/>\n<script type=\"application\/ld+json\" class=\"yoast-schema-graph\">{\"@context\":\"https:\/\/schema.org\",\"@graph\":[{\"@type\":\"WebPage\",\"@id\":\"https:\/\/spondei.com\/fr\/bus-transfer-forms\/\",\"url\":\"https:\/\/spondei.com\/fr\/bus-transfer-forms\/\",\"name\":\"Bus transfer forms - Spondei app\",\"isPartOf\":{\"@id\":\"https:\/\/spondei.com\/#website\"},\"primaryImageOfPage\":{\"@id\":\"https:\/\/spondei.com\/fr\/bus-transfer-forms\/#primaryimage\"},\"image\":{\"@id\":\"https:\/\/spondei.com\/fr\/bus-transfer-forms\/#primaryimage\"},\"thumbnailUrl\":\"https:\/\/spondei.com\/wp-content\/uploads\/2024\/05\/arrow.png\",\"datePublished\":\"2024-05-23T14:09:19+00:00\",\"dateModified\":\"2024-05-24T07:31:20+00:00\",\"breadcrumb\":{\"@id\":\"https:\/\/spondei.com\/fr\/bus-transfer-forms\/#breadcrumb\"},\"inLanguage\":\"fr-FR\",\"potentialAction\":[{\"@type\":\"ReadAction\",\"target\":[\"https:\/\/spondei.com\/fr\/bus-transfer-forms\/\"]}]},{\"@type\":\"ImageObject\",\"inLanguage\":\"fr-FR\",\"@id\":\"https:\/\/spondei.com\/fr\/bus-transfer-forms\/#primaryimage\",\"url\":\"https:\/\/spondei.com\/wp-content\/uploads\/2024\/05\/arrow.png\",\"contentUrl\":\"https:\/\/spondei.com\/wp-content\/uploads\/2024\/05\/arrow.png\"},{\"@type\":\"BreadcrumbList\",\"@id\":\"https:\/\/spondei.com\/fr\/bus-transfer-forms\/#breadcrumb\",\"itemListElement\":[{\"@type\":\"ListItem\",\"position\":1,\"name\":\"Home\",\"item\":\"https:\/\/spondei.com\/\"},{\"@type\":\"ListItem\",\"position\":2,\"name\":\"Bus transfer forms\"}]},{\"@type\":\"WebSite\",\"@id\":\"https:\/\/spondei.com\/#website\",\"url\":\"https:\/\/spondei.com\/\",\"name\":\"Spondei app\",\"description\":\"Spondei.com\",\"alternateName\":\"Spondei.com\",\"potentialAction\":[{\"@type\":\"SearchAction\",\"target\":{\"@type\":\"EntryPoint\",\"urlTemplate\":\"https:\/\/spondei.com\/?s={search_term_string}\"},\"query-input\":\"required name=search_term_string\"}],\"inLanguage\":\"fr-FR\"}]}<\/script>\n<!-- \/ Yoast SEO Premium plugin. -->","yoast_head_json":{"title":"Bus transfer forms - Spondei app","robots":{"index":"index","follow":"follow","max-snippet":"max-snippet:-1","max-image-preview":"max-image-preview:large","max-video-preview":"max-video-preview:-1"},"canonical":"https:\/\/spondei.com\/fr\/bus-transfer-forms\/","og_locale":"fr_FR","og_type":"article","og_title":"Bus transfer forms","og_description":"Learn how Spondei can help optimise your business Simplifiez les r\u00e9servations de transferts avec Spondei D\u00e9couvrez en temps r\u00e9el la rapidit\u00e9 et la facilit\u00e9 avec lesquelles vous pouvez effectuer une r\u00e9servation. Obtenir ce formulaire Essai gratuit comprenant 200 unit\u00e9s Aucune carte de cr\u00e9dit n&rsquo;est requise Annuler \u00e0 tout moment D\u00e9couvrez le formulaire de r\u00e9servation de [&hellip;]","og_url":"https:\/\/spondei.com\/fr\/bus-transfer-forms\/","og_site_name":"Spondei app","article_modified_time":"2024-05-24T07:31:20+00:00","og_image":[{"url":"https:\/\/spondei.com\/wp-content\/uploads\/2024\/05\/arrow.png"}],"twitter_card":"summary_large_image","twitter_misc":{"Dur\u00e9e de lecture estim\u00e9e":"1 minute"},"schema":{"@context":"https:\/\/schema.org","@graph":[{"@type":"WebPage","@id":"https:\/\/spondei.com\/fr\/bus-transfer-forms\/","url":"https:\/\/spondei.com\/fr\/bus-transfer-forms\/","name":"Bus transfer forms - Spondei app","isPartOf":{"@id":"https:\/\/spondei.com\/#website"},"primaryImageOfPage":{"@id":"https:\/\/spondei.com\/fr\/bus-transfer-forms\/#primaryimage"},"image":{"@id":"https:\/\/spondei.com\/fr\/bus-transfer-forms\/#primaryimage"},"thumbnailUrl":"https:\/\/spondei.com\/wp-content\/uploads\/2024\/05\/arrow.png","datePublished":"2024-05-23T14:09:19+00:00","dateModified":"2024-05-24T07:31:20+00:00","breadcrumb":{"@id":"https:\/\/spondei.com\/fr\/bus-transfer-forms\/#breadcrumb"},"inLanguage":"fr-FR","potentialAction":[{"@type":"ReadAction","target":["https:\/\/spondei.com\/fr\/bus-transfer-forms\/"]}]},{"@type":"ImageObject","inLanguage":"fr-FR","@id":"https:\/\/spondei.com\/fr\/bus-transfer-forms\/#primaryimage","url":"https:\/\/spondei.com\/wp-content\/uploads\/2024\/05\/arrow.png","contentUrl":"https:\/\/spondei.com\/wp-content\/uploads\/2024\/05\/arrow.png"},{"@type":"BreadcrumbList","@id":"https:\/\/spondei.com\/fr\/bus-transfer-forms\/#breadcrumb","itemListElement":[{"@type":"ListItem","position":1,"name":"Home","item":"https:\/\/spondei.com\/"},{"@type":"ListItem","position":2,"name":"Bus transfer forms"}]},{"@type":"WebSite","@id":"https:\/\/spondei.com\/#website","url":"https:\/\/spondei.com\/","name":"Spondei app","description":"Spondei.com","alternateName":"Spondei.com","potentialAction":[{"@type":"SearchAction","target":{"@type":"EntryPoint","urlTemplate":"https:\/\/spondei.com\/?s={search_term_string}"},"query-input":"required name=search_term_string"}],"inLanguage":"fr-FR"}]}},"_links":{"self":[{"href":"https:\/\/spondei.com\/fr\/wp-json\/wp\/v2\/pages\/7976","targetHints":{"allow":["GET"]}}],"collection":[{"href":"https:\/\/spondei.com\/fr\/wp-json\/wp\/v2\/pages"}],"about":[{"href":"https:\/\/spondei.com\/fr\/wp-json\/wp\/v2\/types\/page"}],"author":[{"embeddable":true,"href":"https:\/\/spondei.com\/fr\/wp-json\/wp\/v2\/users\/1"}],"replies":[{"embeddable":true,"href":"https:\/\/spondei.com\/fr\/wp-json\/wp\/v2\/comments?post=7976"}],"version-history":[{"count":14,"href":"https:\/\/spondei.com\/fr\/wp-json\/wp\/v2\/pages\/7976\/revisions"}],"predecessor-version":[{"id":8058,"href":"https:\/\/spondei.com\/fr\/wp-json\/wp\/v2\/pages\/7976\/revisions\/8058"}],"wp:attachment":[{"href":"https:\/\/spondei.com\/fr\/wp-json\/wp\/v2\/media?parent=7976"}],"curies":[{"name":"wp","href":"https:\/\/api.w.org\/{rel}","templated":true}]}}